{"id":702,"date":"2021-02-20T12:36:51","date_gmt":"2021-02-20T11:36:51","guid":{"rendered":"https:\/\/www.jackboats.it\/?page_id=702"},"modified":"2026-03-30T21:27:47","modified_gmt":"2026-03-30T19:27:47","slug":"barca-zio-jack","status":"publish","type":"page","link":"https:\/\/www.jackboats.it\/it\/barche\/barca-zio-jack\/","title":{"rendered":"Barca Zio Jack"},"content":{"rendered":"\n<div id=\"block-640aa8-37\" class=\"wp-block-gutenbee-container block-640aa8-37\"><div class=\"wp-block-gutenbee-container-inner\"><div class=\"wp-block-gutenbee-container-row wp-block-gutenbee-container-lg\">\n<div class=\"wp-block-gutenbee-column block-76663e-ea\"><style>.wp-block-gutenbee-column.block-76663e-ea > .wp-block-gutenbee-column-content {  }\n\n\n      @media (max-width: 991px) {\n        .wp-block-gutenbee-column.block-76663e-ea > .wp-block-gutenbee-column-content { margin-bottom: 30px; }\n.wp-block-gutenbee-column.block-76663e-ea { flex-basis: 100%; }\n      }\n    \n\n      @media (max-width: 575px) {\n        .wp-block-gutenbee-column.block-76663e-ea { flex-basis: 100%; }\n      }<\/style><div class=\"wp-block-gutenbee-column-content\">\n<h6 id=\"block-4249c1-af\" class=\"wp-block-gutenbee-heading block-4249c1-af\">Requisiti patente<\/h6><style>.wp-block-gutenbee-heading.block-4249c1-af { margin-top: 0px;  margin-bottom: 5px; }<\/style>\n\n\n\n<h3 id=\"block-269dc5-fe\" class=\"wp-block-gutenbee-heading block-269dc5-fe\">Disponibile solo con il nostro skipper a bordo<\/h3><style>.wp-block-gutenbee-heading.block-269dc5-fe { margin-top: 0px;  margin-bottom: 0px; }<\/style>\n<\/div><\/div>\n\n\n\n<div class=\"wp-block-gutenbee-column block-a1f3cc-ba\"><style>.wp-block-gutenbee-column.block-a1f3cc-ba > .wp-block-gutenbee-column-content {  }\n\n\n      @media (max-width: 991px) {\n        .wp-block-gutenbee-column.block-a1f3cc-ba > .wp-block-gutenbee-column-content { margin-bottom: 30px; }\n.wp-block-gutenbee-column.block-a1f3cc-ba { flex-basis: 100%; }\n      }\n    \n\n      @media (max-width: 575px) {\n        .wp-block-gutenbee-column.block-a1f3cc-ba { flex-basis: 100%; }\n      }<\/style><div class=\"wp-block-gutenbee-column-content\">\n<h6 id=\"block-97f7ed-fd\" class=\"wp-block-gutenbee-heading block-97f7ed-fd\">Fino a<\/h6><style>.wp-block-gutenbee-heading.block-97f7ed-fd { margin-top: 0px;  margin-bottom: 5px; }<\/style>\n\n\n\n<h3 id=\"block-13bfba-98\" class=\"wp-block-gutenbee-heading block-13bfba-98\">6 Persone<\/h3><style>.wp-block-gutenbee-heading.block-13bfba-98 { margin-top: 0px;  margin-bottom: 0px; }<\/style>\n<\/div><\/div>\n\n\n\n<div class=\"wp-block-gutenbee-column block-601770-34\"><style>@media (max-width: 991px) {\n        .wp-block-gutenbee-column.block-601770-34 { flex-basis: 100%; }\n      }\n    \n\n      @media (max-width: 575px) {\n        .wp-block-gutenbee-column.block-601770-34 { flex-basis: 100%; }\n      }<\/style><div class=\"wp-block-gutenbee-column-content\">\n<h6 id=\"block-755a1e-17\" class=\"wp-block-gutenbee-heading block-755a1e-17\">Tipologia Barca<\/h6><style>.wp-block-gutenbee-heading.block-755a1e-17 { margin-top: 0px;  margin-bottom: 5px; }<\/style>\n\n\n\n<h3 id=\"block-54bbde-fe\" class=\"wp-block-gutenbee-heading block-54bbde-fe\">Motoscafo<\/h3><style>.wp-block-gutenbee-heading.block-54bbde-fe { margin-top: 0px;  margin-bottom: 0px; }<\/style>\n<\/div><\/div>\n<\/div><\/div><div class=\"wp-block-gutenbee-container-background\" data-parallax-speed=\"0.3\"><\/div><\/div>\n\n\n\n<div id=\"block-6259b0-36af-47\" class=\"wp-block-gutenbee-divider block-6259b0-36af-47 align-center\" style=\"height:70px\"><div class=\"wp-block-gutenbee-divider-inner\" style=\"border-top-style:solid;border-top-width:1px;border-top-color:#dddddd;width:100%\"><\/div><\/div>\n\n\n\n<p>Una delle caratteristiche pi\u00f9 particolari della Costiera Amalfitana sono le numerose piccole spiagge alle quali si pu\u00f2 accedere solo via mare. Noleggiando la tua barca, puoi esplorare le calette pi\u00f9 pittoresche, fermarti per nuotare, scattare foto e assaporare il panorama. Scopri gli angoli nascosti della costa ed ammira le storiche torri di guardia e villaggi di pescatori durante il viaggio: sei tu a stabilire il ritmo e l&#8217;itinerario.<\/p>\n\n\n\n<div id=\"block-44ba9b-7d1e-44\" class=\"wp-block-gutenbee-slideshow block-44ba9b-7d1e-44 block-54bdf5-8bdf-43\" data-fade=\"true\" data-autoplay=\"true\" data-arrows=\"true\" data-dots=\"true\" data-infinite=\"true\" data-speed=\"300\" data-autoplay-speed=\"3000\" data-slides-to-show=\"1\" data-slides-to-scroll=\"1\" data-pause-on-hover=\"true\" style=\"color:#FFFFFF\" data-dots-color=\"#FFFFFF\" data-arrows-color=\"#FFFFFF\"><div class=\"gutenbee-slideshow-item\"><img fetchpriority=\"high\" decoding=\"async\" src=\"https:\/\/mlc3w22hcl3y.i.optimole.com\/w:auto\/h:auto\/q:mauto\/f:best\/ig:avif\/https:\/\/www.jackboats.it\/wp-content\/uploads\/2026\/03\/IMG_1800.jpg\" alt=\"\" data-id=\"1184\" data-link=\"https:\/\/www.jackboats.it\/it\/barche\/barca-zio-jack\/img_1800\/\"\/><\/div><div class=\"gutenbee-slideshow-item\"><img fetchpriority=\"high\" decoding=\"async\" src=\"https:\/\/mlc3w22hcl3y.i.optimole.com\/w:auto\/h:auto\/q:mauto\/f:best\/ig:avif\/https:\/\/www.jackboats.it\/wp-content\/uploads\/2026\/03\/IMG_1801.jpg\" alt=\"\" data-id=\"1186\" data-link=\"https:\/\/www.jackboats.it\/it\/barche\/barca-zio-jack\/img_1801\/\"\/><\/div><div class=\"gutenbee-slideshow-item\"><img fetchpriority=\"high\" decoding=\"async\" src=\"https:\/\/mlc3w22hcl3y.i.optimole.com\/w:auto\/h:auto\/q:mauto\/f:best\/ig:avif\/https:\/\/www.jackboats.it\/wp-content\/uploads\/2026\/03\/IMG_1803.jpg\" alt=\"\" data-id=\"1190\" data-link=\"https:\/\/www.jackboats.it\/it\/barche\/barca-zio-jack\/img_1803\/\"\/><\/div><div class=\"gutenbee-slideshow-item\"><img data-opt-src=\"https:\/\/mlc3w22hcl3y.i.optimole.com\/w:auto\/h:auto\/q:mauto\/f:best\/ig:avif\/https:\/\/www.jackboats.it\/wp-content\/uploads\/2026\/03\/IMG_1802.jpg\"  decoding=\"async\" src=\"https:\/\/mlc3w22hcl3y.i.optimole.com\/w:auto\/h:auto\/q:eco\/f:best\/ig:avif\/https:\/\/www.jackboats.it\/wp-content\/uploads\/2026\/03\/IMG_1802.jpg\" alt=\"\" data-id=\"1188\" data-link=\"https:\/\/www.jackboats.it\/it\/barche\/barca-zio-jack\/img_1802\/\"\/><\/div><\/div>\n\n\n\n<h3 id=\"block-ee15d3-ac\" class=\"wp-block-gutenbee-heading block-ee15d3-ac\">Informazioni tecniche<\/h3>\n\n\n\n<figure class=\"wp-block-table is-style-stripes\"><table><tbody><tr><td>Lunghezza<\/td><td class=\"has-text-align-right\" data-align=\"right\">Ft. 27 (8,50 mt.)<\/td><\/tr><tr><td>Motore<\/td><td class=\"has-text-align-right\" data-align=\"right\">HP 300<\/td><\/tr><tr><td>Altro<\/td><td class=\"has-text-align-right\" data-align=\"right\">la benzina \u00e8 inclusa ed a bordo troverete un piccolo igloo per le vostre bevande, stereo USB<\/td><\/tr><\/tbody><\/table><\/figure>\n","protected":false},"excerpt":{"rendered":"<p>Una delle caratteristiche pi\u00f9 particolari della Costiera Amalfitana sono le numerose piccole spiagge alle quali si pu\u00f2 accedere solo via mare. Noleggiando la tua barca, puoi esplorare le calette pi\u00f9 pittoresche, fermarti per nuotare, scattare foto e assaporare il panorama. Scopri gli angoli nascosti della costa ed ammira le storiche torri di guardia e villaggi [&hellip;]<\/p>\n","protected":false},"author":1,"featured_media":0,"parent":637,"menu_order":0,"comment_status":"closed","ping_status":"closed","template":"","meta":{"_monsterinsights_skip_tracking":false,"_monsterinsights_sitenote_active":false,"_monsterinsights_sitenote_note":"","_monsterinsights_sitenote_category":0,"footnotes":""},"class_list":["post-702","page","type-page","status-publish","hentry"],"yoast_head":"<!-- This site is optimized with the Yoast SEO plugin v27.5 - https:\/\/yoast.com\/product\/yoast-seo-wordpress\/ -->\n<title>Barca Zio Jack - JackBoats - Gioacchino Esposito<\/title>\n<meta name=\"robots\" content=\"index, follow, max-snippet:-1, max-image-preview:large, max-video-preview:-1\" \/>\n<link rel=\"canonical\" href=\"https:\/\/www.jackboats.it\/it\/barche\/barca-zio-jack\/\" \/>\n<meta property=\"og:locale\" content=\"it_IT\" \/>\n<meta property=\"og:type\" content=\"article\" \/>\n<meta property=\"og:title\" content=\"Barca Zio Jack - JackBoats - Gioacchino Esposito\" \/>\n<meta property=\"og:description\" content=\"Una delle caratteristiche pi\u00f9 particolari della Costiera Amalfitana sono le numerose piccole spiagge alle quali si pu\u00f2 accedere solo via mare. Noleggiando la tua barca, puoi esplorare le calette pi\u00f9 pittoresche, fermarti per nuotare, scattare foto e assaporare il panorama. Scopri gli angoli nascosti della costa ed ammira le storiche torri di guardia e villaggi [&hellip;]\" \/>\n<meta property=\"og:url\" content=\"https:\/\/www.jackboats.it\/it\/barche\/barca-zio-jack\/\" \/>\n<meta property=\"og:site_name\" content=\"JackBoats - Gioacchino Esposito\" \/>\n<meta property=\"article:publisher\" content=\"https:\/\/www.facebook.com\/jackboatsamalficoast\" \/>\n<meta property=\"article:modified_time\" content=\"2026-03-30T19:27:47+00:00\" \/>\n<meta property=\"og:image\" content=\"https:\/\/mlc3w22hcl3y.i.optimole.com\/w:auto\/h:auto\/q:mauto\/f:best\/ig:avif\/https:\/\/www.jackboats.it\/wp-content\/uploads\/2026\/03\/IMG_1800.jpg\" \/>\n<meta name=\"twitter:card\" content=\"summary_large_image\" \/>\n<meta name=\"twitter:label1\" content=\"Tempo di lettura stimato\" \/>\n\t<meta name=\"twitter:data1\" content=\"2 minuti\" \/>\n<script type=\"application\/ld+json\" class=\"yoast-schema-graph\">{\"@context\":\"https:\\\/\\\/schema.org\",\"@graph\":[{\"@type\":\"WebPage\",\"@id\":\"https:\\\/\\\/www.jackboats.it\\\/it\\\/barche\\\/barca-zio-jack\\\/\",\"url\":\"https:\\\/\\\/www.jackboats.it\\\/it\\\/barche\\\/barca-zio-jack\\\/\",\"name\":\"Barca Zio Jack - JackBoats - Gioacchino Esposito\",\"isPartOf\":{\"@id\":\"https:\\\/\\\/www.jackboats.it\\\/#website\"},\"primaryImageOfPage\":{\"@id\":\"https:\\\/\\\/www.jackboats.it\\\/it\\\/barche\\\/barca-zio-jack\\\/#primaryimage\"},\"image\":{\"@id\":\"https:\\\/\\\/www.jackboats.it\\\/it\\\/barche\\\/barca-zio-jack\\\/#primaryimage\"},\"thumbnailUrl\":\"https:\\/\\/www.jackboats.it\\/wp-content\\/uploads\\/2026\\/03\\/IMG_1800.jpg\",\"datePublished\":\"2021-02-20T11:36:51+00:00\",\"dateModified\":\"2026-03-30T19:27:47+00:00\",\"breadcrumb\":{\"@id\":\"https:\\\/\\\/www.jackboats.it\\\/it\\\/barche\\\/barca-zio-jack\\\/#breadcrumb\"},\"inLanguage\":\"it-IT\",\"potentialAction\":[{\"@type\":\"ReadAction\",\"target\":[\"https:\\\/\\\/www.jackboats.it\\\/it\\\/barche\\\/barca-zio-jack\\\/\"]}]},{\"@type\":\"ImageObject\",\"inLanguage\":\"it-IT\",\"@id\":\"https:\\\/\\\/www.jackboats.it\\\/it\\\/barche\\\/barca-zio-jack\\\/#primaryimage\",\"url\":\"https:\\/\\/www.jackboats.it\\/wp-content\\/uploads\\/2026\\/03\\/IMG_1800.jpg\",\"contentUrl\":\"https:\\/\\/www.jackboats.it\\/wp-content\\/uploads\\/2026\\/03\\/IMG_1800.jpg\"},{\"@type\":\"BreadcrumbList\",\"@id\":\"https:\\\/\\\/www.jackboats.it\\\/it\\\/barche\\\/barca-zio-jack\\\/#breadcrumb\",\"itemListElement\":[{\"@type\":\"ListItem\",\"position\":1,\"name\":\"Home\",\"item\":\"https:\\\/\\\/www.jackboats.it\\\/it\\\/\"},{\"@type\":\"ListItem\",\"position\":2,\"name\":\"Barche\",\"item\":\"https:\\\/\\\/www.jackboats.it\\\/it\\\/barche\\\/\"},{\"@type\":\"ListItem\",\"position\":3,\"name\":\"Barca Zio Jack\"}]},{\"@type\":\"WebSite\",\"@id\":\"https:\\\/\\\/www.jackboats.it\\\/#website\",\"url\":\"https:\\\/\\\/www.jackboats.it\\\/\",\"name\":\"JackBoats - Gioacchino Esposito\",\"description\":\"Book a tour or rent a boat in Amalfi Coast\",\"publisher\":{\"@id\":\"https:\\\/\\\/www.jackboats.it\\\/#organization\"},\"potentialAction\":[{\"@type\":\"SearchAction\",\"target\":{\"@type\":\"EntryPoint\",\"urlTemplate\":\"https:\\\/\\\/www.jackboats.it\\\/?s={search_term_string}\"},\"query-input\":{\"@type\":\"PropertyValueSpecification\",\"valueRequired\":true,\"valueName\":\"search_term_string\"}}],\"inLanguage\":\"it-IT\"},{\"@type\":\"Organization\",\"@id\":\"https:\\\/\\\/www.jackboats.it\\\/#organization\",\"name\":\"Gioacchino Esposito - Noleggio Barche\",\"url\":\"https:\\\/\\\/www.jackboats.it\\\/\",\"logo\":{\"@type\":\"ImageObject\",\"inLanguage\":\"it-IT\",\"@id\":\"https:\\\/\\\/www.jackboats.it\\\/#\\\/schema\\\/logo\\\/image\\\/\",\"url\":\"https:\\/\\/www.jackboats.it\\/wp-content\\/uploads\\/2020\\/12\\/logo-footer.png\",\"contentUrl\":\"https:\\/\\/www.jackboats.it\\/wp-content\\/uploads\\/2020\\/12\\/logo-footer.png\",\"width\":222,\"height\":42,\"caption\":\"Gioacchino Esposito - Noleggio Barche\"},\"image\":{\"@id\":\"https:\\\/\\\/www.jackboats.it\\\/#\\\/schema\\\/logo\\\/image\\\/\"},\"sameAs\":[\"https:\\\/\\\/www.facebook.com\\\/jackboatsamalficoast\",\"https:\\\/\\\/instagram.com\\\/jackboatsamalficoast\"]}]}<\/script>\n<!-- \/ Yoast SEO plugin. -->","yoast_head_json":{"title":"Barca Zio Jack - JackBoats - Gioacchino Esposito","robots":{"index":"index","follow":"follow","max-snippet":"max-snippet:-1","max-image-preview":"max-image-preview:large","max-video-preview":"max-video-preview:-1"},"canonical":"https:\/\/www.jackboats.it\/it\/barche\/barca-zio-jack\/","og_locale":"it_IT","og_type":"article","og_title":"Barca Zio Jack - JackBoats - Gioacchino Esposito","og_description":"Una delle caratteristiche pi\u00f9 particolari della Costiera Amalfitana sono le numerose piccole spiagge alle quali si pu\u00f2 accedere solo via mare. Noleggiando la tua barca, puoi esplorare le calette pi\u00f9 pittoresche, fermarti per nuotare, scattare foto e assaporare il panorama. Scopri gli angoli nascosti della costa ed ammira le storiche torri di guardia e villaggi [&hellip;]","og_url":"https:\/\/www.jackboats.it\/it\/barche\/barca-zio-jack\/","og_site_name":"JackBoats - Gioacchino Esposito","article_publisher":"https:\/\/www.facebook.com\/jackboatsamalficoast","article_modified_time":"2026-03-30T19:27:47+00:00","og_image":[{"url":"https:\/\/mlc3w22hcl3y.i.optimole.com\/w:auto\/h:auto\/q:mauto\/f:best\/ig:avif\/https:\/\/www.jackboats.it\/wp-content\/uploads\/2026\/03\/IMG_1800.jpg","type":"","width":"","height":""}],"twitter_card":"summary_large_image","twitter_misc":{"Tempo di lettura stimato":"2 minuti"},"schema":{"@context":"https:\/\/schema.org","@graph":[{"@type":"WebPage","@id":"https:\/\/www.jackboats.it\/it\/barche\/barca-zio-jack\/","url":"https:\/\/www.jackboats.it\/it\/barche\/barca-zio-jack\/","name":"Barca Zio Jack - JackBoats - Gioacchino Esposito","isPartOf":{"@id":"https:\/\/www.jackboats.it\/#website"},"primaryImageOfPage":{"@id":"https:\/\/www.jackboats.it\/it\/barche\/barca-zio-jack\/#primaryimage"},"image":{"@id":"https:\/\/www.jackboats.it\/it\/barche\/barca-zio-jack\/#primaryimage"},"thumbnailUrl":"https:\/\/mlc3w22hcl3y.i.optimole.com\/w:auto\/h:auto\/q:mauto\/f:best\/ig:avif\/https:\/\/www.jackboats.it\/wp-content\/uploads\/2026\/03\/IMG_1800.jpg","datePublished":"2021-02-20T11:36:51+00:00","dateModified":"2026-03-30T19:27:47+00:00","breadcrumb":{"@id":"https:\/\/www.jackboats.it\/it\/barche\/barca-zio-jack\/#breadcrumb"},"inLanguage":"it-IT","potentialAction":[{"@type":"ReadAction","target":["https:\/\/www.jackboats.it\/it\/barche\/barca-zio-jack\/"]}]},{"@type":"ImageObject","inLanguage":"it-IT","@id":"https:\/\/www.jackboats.it\/it\/barche\/barca-zio-jack\/#primaryimage","url":"https:\/\/mlc3w22hcl3y.i.optimole.com\/w:auto\/h:auto\/q:mauto\/f:best\/ig:avif\/https:\/\/www.jackboats.it\/wp-content\/uploads\/2026\/03\/IMG_1800.jpg","contentUrl":"https:\/\/mlc3w22hcl3y.i.optimole.com\/w:auto\/h:auto\/q:mauto\/f:best\/ig:avif\/https:\/\/www.jackboats.it\/wp-content\/uploads\/2026\/03\/IMG_1800.jpg"},{"@type":"BreadcrumbList","@id":"https:\/\/www.jackboats.it\/it\/barche\/barca-zio-jack\/#breadcrumb","itemListElement":[{"@type":"ListItem","position":1,"name":"Home","item":"https:\/\/www.jackboats.it\/it\/"},{"@type":"ListItem","position":2,"name":"Barche","item":"https:\/\/www.jackboats.it\/it\/barche\/"},{"@type":"ListItem","position":3,"name":"Barca Zio Jack"}]},{"@type":"WebSite","@id":"https:\/\/www.jackboats.it\/#website","url":"https:\/\/www.jackboats.it\/","name":"JackBoats - Gioacchino Esposito","description":"Book a tour or rent a boat in Amalfi Coast","publisher":{"@id":"https:\/\/www.jackboats.it\/#organization"},"potentialAction":[{"@type":"SearchAction","target":{"@type":"EntryPoint","urlTemplate":"https:\/\/www.jackboats.it\/?s={search_term_string}"},"query-input":{"@type":"PropertyValueSpecification","valueRequired":true,"valueName":"search_term_string"}}],"inLanguage":"it-IT"},{"@type":"Organization","@id":"https:\/\/www.jackboats.it\/#organization","name":"Gioacchino Esposito - Noleggio Barche","url":"https:\/\/www.jackboats.it\/","logo":{"@type":"ImageObject","inLanguage":"it-IT","@id":"https:\/\/www.jackboats.it\/#\/schema\/logo\/image\/","url":"https:\/\/mlc3w22hcl3y.i.optimole.com\/w:auto\/h:auto\/q:mauto\/f:best\/ig:avif\/https:\/\/www.jackboats.it\/wp-content\/uploads\/2020\/12\/logo-footer.png","contentUrl":"https:\/\/mlc3w22hcl3y.i.optimole.com\/w:auto\/h:auto\/q:mauto\/f:best\/ig:avif\/https:\/\/www.jackboats.it\/wp-content\/uploads\/2020\/12\/logo-footer.png","width":222,"height":42,"caption":"Gioacchino Esposito - Noleggio Barche"},"image":{"@id":"https:\/\/www.jackboats.it\/#\/schema\/logo\/image\/"},"sameAs":["https:\/\/www.facebook.com\/jackboatsamalficoast","https:\/\/instagram.com\/jackboatsamalficoast"]}]}},"_links":{"self":[{"href":"https:\/\/www.jackboats.it\/it\/wp-json\/wp\/v2\/pages\/702","targetHints":{"allow":["GET"]}}],"collection":[{"href":"https:\/\/www.jackboats.it\/it\/wp-json\/wp\/v2\/pages"}],"about":[{"href":"https:\/\/www.jackboats.it\/it\/wp-json\/wp\/v2\/types\/page"}],"author":[{"embeddable":true,"href":"https:\/\/www.jackboats.it\/it\/wp-json\/wp\/v2\/users\/1"}],"replies":[{"embeddable":true,"href":"https:\/\/www.jackboats.it\/it\/wp-json\/wp\/v2\/comments?post=702"}],"version-history":[{"count":0,"href":"https:\/\/www.jackboats.it\/it\/wp-json\/wp\/v2\/pages\/702\/revisions"}],"up":[{"embeddable":true,"href":"https:\/\/www.jackboats.it\/it\/wp-json\/wp\/v2\/pages\/637"}],"wp:attachment":[{"href":"https:\/\/www.jackboats.it\/it\/wp-json\/wp\/v2\/media?parent=702"}],"curies":[{"name":"wp","href":"https:\/\/api.w.org\/{rel}","templated":true}]}}